{"id":4008,"date":"2019-02-12T10:44:52","date_gmt":"2019-02-12T09:44:52","guid":{"rendered":"https:\/\/www.residenceoasis.com\/?page_id=4008"},"modified":"2024-11-21T14:10:07","modified_gmt":"2024-11-21T13:10:07","slug":"salento","status":"publish","type":"page","link":"https:\/\/www.residenceoasis.com\/en\/salento\/","title":{"rendered":"Salento"},"content":{"rendered":"<p>[vc_row content_placement=&#8221;middle&#8221;][vc_column][vc_empty_space][vc_column_text]<\/p>\n<h1>Il Salento<\/h1>\n<p>[\/vc_column_text][vc_empty_space][vc_column_text]\u201cTerra arsa e rossa terra di sud, terra di sud terra di confine terra di dove finisce la terra\u2026\u201d<\/p>\n<p>Le parole di Vinicio Capossela tratte dal brano \u201cIl ballo di San Vito\u201d sono di quanto pi\u00f9 appropriato per definire la terra del <strong>Salento<\/strong>, bella, dorata, bruciata dal sole tutta l\u2019estate.<br \/>\nAnche quest\u2019anno il Salento vi d\u00e0 appuntamento sulle sue spiagge, di ghiaia o sabbia finissima, nel mare blu cobalto, sulle rocce e nelle calette riparate oppure nelle piccole insenature.<\/p>\n<p>Immaginate un triangolo: ai vertici stanno le perle della <strong>Puglia<\/strong>, <strong>Otranto<\/strong> sul mare Adriatico, <strong>Santa Maria di Leuca<\/strong> a sud, nel canale d\u2019Otranto, e a ovest, sulle acque dello Ionio, se ne sta la bella <strong>Gallipoli<\/strong>. Praticamente nel Salento si pu\u00f2 scegliere in quale mare andare a fare il bagno: e lo si fa a seconda di come soffia il vento.<\/p>\n<p><strong>Otranto<\/strong> si trova sull\u2019estrema punta orientale della Puglia: qui le spiagge dei <strong>laghi Alimini<\/strong> e la Baia dei Turchi sono un vero e proprio paradiso caraibico.<br \/>\nSe vi fermate nella caletta di <strong>Porto Badisco<\/strong> provate a dare un occhio al vostro cellulare (non si resiste neppure in vacanza\u2026): non vi sorprenderete di trovare l\u2019sms \u201cBenvenuti in Grecia\u201d! S\u00ec, perch\u00e9 questo tratto di costa \u00e8 il punto pi\u00f9 esposto verso la Grecia, a ricordo di quanto greche fossero state queste terre prima dell\u2019arrivo di longobardi e saraceni. E se non ci credete, provate a salutare gli anziani sull\u2019uscio dei portoni con uno squillante \u201ckalim\u00e8ra!\u201d. Vi risponderanno in griko con un grande sorriso.<\/p>\n<p>Porto Badisco \u00e8 il luogo dove si dice che sia sbarcato il mitico <strong>Enea<\/strong>. \u00c9 un\u2019oasi di pace: qui l\u2019acqua ha i colori dei Caraibi, le rocce danno asilo a ricci di mare, granchi e molluschi, e il ristorantino all\u2019inizio della caletta prepara le linguine allo scoglio pi\u00f9 buone della zona. La natura tipica mediterranea, con fichi d\u2019india, mirto e pini fa da cornice allo scenario, gi\u00e0 splendido di per s\u00e9.<\/p>\n<p>Le vicine <strong>Torre dell\u2019Orso<\/strong> e <strong>Torre Saracena<\/strong> sono localit\u00e0 balneari splendide, con le torrette saracene diroccate, sotto le quali si aprono ampie dune di sabbia e una bella pineta: in questi posti realt\u00e0 e leggenda si confondono, raccontando le loro favole fin dalla notte dei tempi, come quella dello Scoglio delle Due Sorelle, che narra di due donne bellissime attratte fin qui dal profumo di tigli e dei pini silvestri e poi cadute in mare; lo scoglio altro non \u00e8 che un\u2019unica grande roccia spaccata in due, con una fenditura quasi nel mezzo, percorribile a nuoto o in canoa.<\/p>\n<p>Altri paesaggi meravigliosi si aprono nella Grotta di San Cristoforo e sulla spiaggia della vicina Torre di Guardia.<\/p>\n<p>Muovendo in direzione di Santa Maria di Leuca, si incontra <strong>Santa Cesarea Terme<\/strong>, elegante localit\u00e0 termale che deve la sua fama alle acque sorgive delle grotte di Gattulla, Fetida e Sulfurea. Domina il paesino la bella dimora signorile in stile moresco abbarbicata su un rilievo roccioso. Anche chi non sceglie di approfittare delle cure sorgive, pu\u00f2 godere di un mare incantevole, che si insinua in fenditure, calette, grotte sotterranee.<br \/>\nPresso il centro termale ci sono due stabilimenti terrazzati molto chic, dove il massimo del relax \u00e8 dato da un bianco frizzante sorseggiato su divanetti in vimini all\u2019ora del tramonto. Santa Maria di Leuca, l\u2019estremo lembo meridionale della Puglia, \u00e8 quasi sempre battuta dai venti: una perla bianca di sole (da leukos, in greco \u201cbianco\u201d) alla fine della terra. Le numerose grotte e i fondali marini sono un vero e proprio paradiso per il turismo subacqueo. Doppiato il capo, <strong>Torre San Gregorio<\/strong> \u00e8 il primo borgo che si incontra sull\u2019altro lato della costa. La presenza dell\u2019immancabile torre merlata di avvistamento caratterizza anche le spiagge di <strong>Torre Vado<\/strong>: Pescoluse, Posto Vecchio e Torre Pali sono quelle pi\u00f9 famose. Di giorno affollate di bagnanti, di notte frequentate da giovani del posto e turisti che animano i pub all\u2019aperto lungo la costa.<br \/>\nPremesso che tutto il litorale della Puglia \u00e8 meta ambita di sub, qui a Torre Vado, si fanno forse le immersioni pi\u00f9 belle della regione. La costa \u00e8 una continua alternanza di rocce, grotte, falesie, con i fondali ricchissimi di fauna e di vegetazione marina.<\/p>\n<p><strong>Torre Mozza<\/strong> e <strong>Torre San Giovanni<\/strong> fanno parte della marina dell\u2019antica Auxentum, oggi Ugento; qui si trovano stabilimenti balneari, con feste in spiaggia, centri fitness, aperitivo con musica lounge e molto altro. Via verso nord, si va alla volta della baia di Gallipoli, di <strong>Santa Maria al Bagno<\/strong>, con il caratteristico paesino alle spalle della baia, per proseguire verso <strong>Porto Selvaggio<\/strong>, immerso in una natura rocciosa davvero selvaggia, fino alla localit\u00e0 di Porto Cesareo, con le meravigliose distese di sabbia di <strong>Torre Lapillo<\/strong> e <strong>Punta Prosciutto<\/strong>. Se si risale fino alla baia di Taranto, nello Ionio tra la localit\u00e0 di Campomarino di Maruggio e Marina di Pulsano, la costa procede in un tipico paesaggio mediterraneo: insenature, fichi d\u2019India, dune ricoperte da arbusti di timo e di ginepri.<br \/>\nDopo il promontorio di Torre Ovo, la spiaggia Piri Piri \u00e8 un chilometro di sabbia fine, con fondale basso e trasparente.<\/p>\n<p>Ma non \u00e8 solo di giorno che si pu\u00f2 godere la magia dell\u2019estate salentina. Questa terra, si sa, \u00e8 una terra di \u201cmorsicati\u201d, di tarantolati, che di notte per le strade si muovono al ritmo ossessivo del tamburello\u2026 la Taranta, con la sua magica melodia, coinvolge tutti, ma proprio tutti, ed \u00e8 impossibile assistere a un concerto di pizzica rimanendo coi piedi ben saldi a terra.<\/p>\n<p>La <strong>Notte della Taranta<\/strong> \u00e8 oramai da qualche tempo l\u2019evento pi\u00f9 atteso dell\u2019estate, che richiama turisti da tutt\u2019Italia, attratti dal sound cos\u00ec particolare e cos\u00ec mediterraneo del tipico ballo salentino. Una serie di altre manifestazioni caratterizza tutta la zona: sagre e feste sulla costa, ma soprattutto nell\u2019entroterra. E\u2019 sorprendente come a pochi passi dal mare si possano trovare borghi minuscoli cos\u00ec ancorati alla tradizione, piccole gemme fulgide di un passato ancora vivo, dove le signore del posto preparano per le feste di paese pentoloni di farro e grano saraceno, pettole, crispelle, tutto il meglio della tradizione gastronomica salentina.<\/p>\n<p>Ughetta Lacatena<br \/>\ntgcom24[\/vc_column_text][\/vc_column][\/vc_row]<\/p>\n","protected":false},"excerpt":{"rendered":"<p>[vc_row content_placement=&#8221;middle&#8221;][vc_column][vc_empty_space][vc_column_text] Il Salento [\/vc_column_text][vc_empty_space][vc_column_text]\u201cTerra arsa e rossa terra di sud, terra di sud terra di confine terra di dove finisce la terra\u2026\u201d Le parole di Vinicio Capossela tratte dal [&hellip;]<\/p>\n","protected":false},"author":1,"featured_media":0,"parent":0,"menu_order":0,"comment_status":"closed","ping_status":"closed","template":"","meta":{"footnotes":""},"class_list":["post-4008","page","type-page","status-publish","hentry",null],"yoast_head":"<!-- This site is optimized with the Yoast SEO plugin v27.5 - https:\/\/yoast.com\/product\/yoast-seo-wordpress\/ -->\n<title>Il Salento - Una terra bagnata dai due mari - Residence Oasis<\/title>\n<meta name=\"description\" content=\"Il Salento una terra caratterizzata da immensi uliveti, coste rocciose alternate a spiagge di sabbia finissima. Scopri la storia e i monumenti.\" \/>\n<meta name=\"robots\" content=\"index, follow, max-snippet:-1, max-image-preview:large, max-video-preview:-1\" \/>\n<link rel=\"canonical\" href=\"https:\/\/www.residenceoasis.com\/en\/salento\/\" \/>\n<meta property=\"og:locale\" content=\"en_US\" \/>\n<meta property=\"og:type\" content=\"article\" \/>\n<meta property=\"og:title\" content=\"Il Salento - Una terra bagnata dai due mari - Residence Oasis\" \/>\n<meta property=\"og:description\" content=\"Il Salento una terra caratterizzata da immensi uliveti, coste rocciose alternate a spiagge di sabbia finissima. Scopri la storia e i monumenti.\" \/>\n<meta property=\"og:url\" content=\"https:\/\/www.residenceoasis.com\/en\/salento\/\" \/>\n<meta property=\"og:site_name\" content=\"Residence Oasis\" \/>\n<meta property=\"article:modified_time\" content=\"2024-11-21T13:10:07+00:00\" \/>\n<meta name=\"twitter:card\" content=\"summary_large_image\" \/>\n<meta name=\"twitter:label1\" content=\"Est. reading time\" \/>\n\t<meta name=\"twitter:data1\" content=\"5 minutes\" \/>\n<script type=\"application\/ld+json\" class=\"yoast-schema-graph\">{\"@context\":\"https:\\\/\\\/schema.org\",\"@graph\":[{\"@type\":\"WebPage\",\"@id\":\"https:\\\/\\\/www.residenceoasis.com\\\/en\\\/salento\\\/\",\"url\":\"https:\\\/\\\/www.residenceoasis.com\\\/en\\\/salento\\\/\",\"name\":\"Il Salento - Una terra bagnata dai due mari - Residence Oasis\",\"isPartOf\":{\"@id\":\"https:\\\/\\\/www.residenceoasis.com\\\/en\\\/#website\"},\"datePublished\":\"2019-02-12T09:44:52+00:00\",\"dateModified\":\"2024-11-21T13:10:07+00:00\",\"description\":\"Il Salento una terra caratterizzata da immensi uliveti, coste rocciose alternate a spiagge di sabbia finissima. Scopri la storia e i monumenti.\",\"breadcrumb\":{\"@id\":\"https:\\\/\\\/www.residenceoasis.com\\\/en\\\/salento\\\/#breadcrumb\"},\"inLanguage\":\"en-US\",\"potentialAction\":[{\"@type\":\"ReadAction\",\"target\":[\"https:\\\/\\\/www.residenceoasis.com\\\/en\\\/salento\\\/\"]}]},{\"@type\":\"BreadcrumbList\",\"@id\":\"https:\\\/\\\/www.residenceoasis.com\\\/en\\\/salento\\\/#breadcrumb\",\"itemListElement\":[{\"@type\":\"ListItem\",\"position\":1,\"name\":\"Home\",\"item\":\"https:\\\/\\\/www.residenceoasis.com\\\/en\\\/\"},{\"@type\":\"ListItem\",\"position\":2,\"name\":\"Salento\"}]},{\"@type\":\"WebSite\",\"@id\":\"https:\\\/\\\/www.residenceoasis.com\\\/en\\\/#website\",\"url\":\"https:\\\/\\\/www.residenceoasis.com\\\/en\\\/\",\"name\":\"Residence Oasis\",\"description\":\"Mare, relax e divertimento\",\"potentialAction\":[{\"@type\":\"SearchAction\",\"target\":{\"@type\":\"EntryPoint\",\"urlTemplate\":\"https:\\\/\\\/www.residenceoasis.com\\\/en\\\/?s={search_term_string}\"},\"query-input\":{\"@type\":\"PropertyValueSpecification\",\"valueRequired\":true,\"valueName\":\"search_term_string\"}}],\"inLanguage\":\"en-US\"}]}<\/script>\n<!-- \/ Yoast SEO plugin. -->","yoast_head_json":{"title":"Il Salento - Una terra bagnata dai due mari - Residence Oasis","description":"Il Salento una terra caratterizzata da immensi uliveti, coste rocciose alternate a spiagge di sabbia finissima. Scopri la storia e i monumenti.","robots":{"index":"index","follow":"follow","max-snippet":"max-snippet:-1","max-image-preview":"max-image-preview:large","max-video-preview":"max-video-preview:-1"},"canonical":"https:\/\/www.residenceoasis.com\/en\/salento\/","og_locale":"en_US","og_type":"article","og_title":"Il Salento - Una terra bagnata dai due mari - Residence Oasis","og_description":"Il Salento una terra caratterizzata da immensi uliveti, coste rocciose alternate a spiagge di sabbia finissima. Scopri la storia e i monumenti.","og_url":"https:\/\/www.residenceoasis.com\/en\/salento\/","og_site_name":"Residence Oasis","article_modified_time":"2024-11-21T13:10:07+00:00","twitter_card":"summary_large_image","twitter_misc":{"Est. reading time":"5 minutes"},"schema":{"@context":"https:\/\/schema.org","@graph":[{"@type":"WebPage","@id":"https:\/\/www.residenceoasis.com\/en\/salento\/","url":"https:\/\/www.residenceoasis.com\/en\/salento\/","name":"Il Salento - Una terra bagnata dai due mari - Residence Oasis","isPartOf":{"@id":"https:\/\/www.residenceoasis.com\/en\/#website"},"datePublished":"2019-02-12T09:44:52+00:00","dateModified":"2024-11-21T13:10:07+00:00","description":"Il Salento una terra caratterizzata da immensi uliveti, coste rocciose alternate a spiagge di sabbia finissima. Scopri la storia e i monumenti.","breadcrumb":{"@id":"https:\/\/www.residenceoasis.com\/en\/salento\/#breadcrumb"},"inLanguage":"en-US","potentialAction":[{"@type":"ReadAction","target":["https:\/\/www.residenceoasis.com\/en\/salento\/"]}]},{"@type":"BreadcrumbList","@id":"https:\/\/www.residenceoasis.com\/en\/salento\/#breadcrumb","itemListElement":[{"@type":"ListItem","position":1,"name":"Home","item":"https:\/\/www.residenceoasis.com\/en\/"},{"@type":"ListItem","position":2,"name":"Salento"}]},{"@type":"WebSite","@id":"https:\/\/www.residenceoasis.com\/en\/#website","url":"https:\/\/www.residenceoasis.com\/en\/","name":"Residence Oasis","description":"Mare, relax e divertimento","potentialAction":[{"@type":"SearchAction","target":{"@type":"EntryPoint","urlTemplate":"https:\/\/www.residenceoasis.com\/en\/?s={search_term_string}"},"query-input":{"@type":"PropertyValueSpecification","valueRequired":true,"valueName":"search_term_string"}}],"inLanguage":"en-US"}]}},"_links":{"self":[{"href":"https:\/\/www.residenceoasis.com\/en\/wp-json\/wp\/v2\/pages\/4008","targetHints":{"allow":["GET"]}}],"collection":[{"href":"https:\/\/www.residenceoasis.com\/en\/wp-json\/wp\/v2\/pages"}],"about":[{"href":"https:\/\/www.residenceoasis.com\/en\/wp-json\/wp\/v2\/types\/page"}],"author":[{"embeddable":true,"href":"https:\/\/www.residenceoasis.com\/en\/wp-json\/wp\/v2\/users\/1"}],"replies":[{"embeddable":true,"href":"https:\/\/www.residenceoasis.com\/en\/wp-json\/wp\/v2\/comments?post=4008"}],"version-history":[{"count":1,"href":"https:\/\/www.residenceoasis.com\/en\/wp-json\/wp\/v2\/pages\/4008\/revisions"}],"predecessor-version":[{"id":4020,"href":"https:\/\/www.residenceoasis.com\/en\/wp-json\/wp\/v2\/pages\/4008\/revisions\/4020"}],"wp:attachment":[{"href":"https:\/\/www.residenceoasis.com\/en\/wp-json\/wp\/v2\/media?parent=4008"}],"curies":[{"name":"wp","href":"https:\/\/api.w.org\/{rel}","templated":true}]}}